{"id":1305,"date":"2024-01-22T16:16:28","date_gmt":"2024-01-22T15:16:28","guid":{"rendered":"https:\/\/www.poderecentodieci.it\/prodotto\/ofante-bag-in-box-3l\/"},"modified":"2024-07-09T04:31:53","modified_gmt":"2024-07-09T02:31:53","slug":"ofante-bag-in-box-3l","status":"publish","type":"product","link":"https:\/\/www.poderecentodieci.it\/de\/prodotto\/ofante-bag-in-box-3l\/","title":{"rendered":"Ofant\u00e8 &#8211; bag in box 3l"},"content":{"rendered":"<p><strong>Sorte<\/strong>: Leccino<\/p>\n<p><strong>Erntemethode<\/strong>: Direkt von der Pflanze<\/p>\n<p><strong>Zerkleinerungsmethode<\/strong>: Metallbrecher<\/p>\n<p><strong>Zeit zwischen Ernte und Pressung<\/strong>: Weniger als 12 Stunden<\/p>\n<p><strong>Extraktionsmethode<\/strong>: Kontinuierlicher Zyklus \u2013 maximale Temperatur 27 \u00b0C<\/p>\n<p><strong>Farbe<\/strong>: Gr\u00fcn bis gelb, leicht tr\u00fcb<\/p>\n<p><strong>Geruch: <\/strong> Leicht fruchtiges Olivenaroma<\/p>\n<p><strong>Ideale Verwendung: <\/strong>Roh zu besonders empfindlichen Fischgerichten und Gem\u00fcse<br \/>\nroh und gekocht, Schalentiere, Meeresfr\u00fcchte, feine Saucen<\/p>\n<p><strong>Verpackung: <\/strong> 0,25\u20130,50 undurchsichtige wei\u00dfe Glasflaschen und 5-Liter-Dose<\/p>\n","protected":false},"excerpt":{"rendered":"<p><strong>Monovarietaler Leccino<\/strong><\/p>\n<p>Von Ofanto, der s\u00fcdlichen Grenze von Daunia.<br \/>\nOFANTO \u2013 Dies ist der wichtigste Wasserlauf in Apulien.<br \/>\nNach L\u00e4nge und Kapazit\u00e4t.<br \/>\nOfanto war Schauplatz von Schlachten, die f\u00fcr die R\u00f6mer stets schwierig waren.<br \/>\nDer Legende nach rief der Konsul Varone angesichts der menschlichen Verluste direkt im Flussbecken aus: \u201eO meine verlorenen Infanteristen &#8230;\u201c. Von hier leitet sich wiederum nach der legend\u00e4ren Rekonstruktion der Name Ofanto ab.<\/p>\n<p><a href=\"https:\/\/www.poderecentodieci.it\/wp-content\/uploads\/2021\/03\/Biol-2019-gold-_leo-copia.png\"><img decoding=\"async\" loading=\"lazy\" class=\"alignnone size-medium wp-image-264\" src=\"https:\/\/www.poderecentodieci.it\/wp-content\/uploads\/2021\/03\/Biol-2019-gold-_leo-copia-300x134.png\" alt=\"\" width=\"300\" height=\"134\" srcset=\"https:\/\/www.poderecentodieci.it\/wp-content\/uploads\/2021\/03\/Biol-2019-gold-_leo-copia-300x134.png 300w, https:\/\/www.poderecentodieci.it\/wp-content\/uploads\/2021\/03\/Biol-2019-gold-_leo-copia-260x116.png 260w, https:\/\/www.poderecentodieci.it\/wp-content\/uploads\/2021\/03\/Biol-2019-gold-_leo-copia-50x22.png 50w, https:\/\/www.poderecentodieci.it\/wp-content\/uploads\/2021\/03\/Biol-2019-gold-_leo-copia-150x67.png 150w, https:\/\/www.poderecentodieci.it\/wp-content\/uploads\/2021\/03\/Biol-2019-gold-_leo-copia.png 382w\" sizes=\"(max-width: 300px) 100vw, 300px\" \/><\/a><\/p>\n","protected":false},"featured_media":1297,"comment_status":"open","ping_status":"closed","template":"","meta":{"_joinchat":[]},"product_cat":[41],"product_tag":[],"yoast_head":"<!-- This site is optimized with the Yoast SEO plugin v19.10 - https:\/\/yoast.com\/wordpress\/plugins\/seo\/ -->\n<title>Ofant\u00e8 - bag in box 3l - Podere 110<\/title>\n<meta name=\"robots\" content=\"index, follow, max-snippet:-1, max-image-preview:large, max-video-preview:-1\" \/>\n<link rel=\"canonical\" href=\"https:\/\/www.poderecentodieci.it\/de\/prodotto\/ofante-bag-in-box-3l\/\" \/>\n<meta property=\"og:locale\" content=\"de_DE\" \/>\n<meta property=\"og:type\" content=\"article\" \/>\n<meta property=\"og:title\" content=\"Ofant\u00e8 - bag in box 3l - Podere 110\" \/>\n<meta property=\"og:description\" content=\"Monovarietaler Leccino  Von Ofanto, der s\u00fcdlichen Grenze von Daunia. OFANTO \u2013 Dies ist der wichtigste Wasserlauf in Apulien. Nach L\u00e4nge und Kapazit\u00e4t. Ofanto war Schauplatz von Schlachten, die f\u00fcr die R\u00f6mer stets schwierig waren. Der Legende nach rief der Konsul Varone angesichts der menschlichen Verluste direkt im Flussbecken aus: \u201eO meine verlorenen Infanteristen ...\u201c. Von hier leitet sich wiederum nach der legend\u00e4ren Rekonstruktion der Name Ofanto ab.\" \/>\n<meta property=\"og:url\" content=\"https:\/\/www.poderecentodieci.it\/de\/prodotto\/ofante-bag-in-box-3l\/\" \/>\n<meta property=\"og:site_name\" content=\"Podere 110\" \/>\n<meta property=\"article:modified_time\" content=\"2024-07-09T02:31:53+00:00\" \/>\n<meta property=\"og:image\" content=\"https:\/\/www.poderecentodieci.it\/wp-content\/uploads\/2024\/01\/podere110-ofante-3L.jpg\" \/>\n\t<meta property=\"og:image:width\" content=\"2000\" \/>\n\t<meta property=\"og:image:height\" content=\"2000\" \/>\n\t<meta property=\"og:image:type\" content=\"image\/jpeg\" \/>\n<meta name=\"twitter:card\" content=\"summary_large_image\" \/>\n<meta name=\"twitter:label1\" content=\"Gesch\u00e4tzte Lesezeit\" \/>\n\t<meta name=\"twitter:data1\" content=\"1\u00a0Minute\" \/>\n<script type=\"application\/ld+json\" class=\"yoast-schema-graph\">{\"@context\":\"https:\/\/schema.org\",\"@graph\":[{\"@type\":\"WebPage\",\"@id\":\"https:\/\/www.poderecentodieci.it\/de\/prodotto\/ofante-bag-in-box-3l\/\",\"url\":\"https:\/\/www.poderecentodieci.it\/de\/prodotto\/ofante-bag-in-box-3l\/\",\"name\":\"Ofant\u00e8 - bag in box 3l - Podere 110\",\"isPartOf\":{\"@id\":\"https:\/\/www.poderecentodieci.it\/de\/#website\"},\"datePublished\":\"2024-01-22T15:16:28+00:00\",\"dateModified\":\"2024-07-09T02:31:53+00:00\",\"breadcrumb\":{\"@id\":\"https:\/\/www.poderecentodieci.it\/de\/prodotto\/ofante-bag-in-box-3l\/#breadcrumb\"},\"inLanguage\":\"de\",\"potentialAction\":[{\"@type\":\"ReadAction\",\"target\":[\"https:\/\/www.poderecentodieci.it\/de\/prodotto\/ofante-bag-in-box-3l\/\"]}]},{\"@type\":\"BreadcrumbList\",\"@id\":\"https:\/\/www.poderecentodieci.it\/de\/prodotto\/ofante-bag-in-box-3l\/#breadcrumb\",\"itemListElement\":[{\"@type\":\"ListItem\",\"position\":1,\"name\":\"Home\",\"item\":\"https:\/\/www.poderecentodieci.it\/de\/\"},{\"@type\":\"ListItem\",\"position\":2,\"name\":\"Shop\",\"item\":\"https:\/\/www.poderecentodieci.it\/de\/shop\/\"},{\"@type\":\"ListItem\",\"position\":3,\"name\":\"Ofant\u00e8 &#8211; bag in box 3l\"}]},{\"@type\":\"WebSite\",\"@id\":\"https:\/\/www.poderecentodieci.it\/de\/#website\",\"url\":\"https:\/\/www.poderecentodieci.it\/de\/\",\"name\":\"Podere 110\",\"description\":\"Olio Extra Vergine di Oliva\",\"publisher\":{\"@id\":\"https:\/\/www.poderecentodieci.it\/de\/#organization\"},\"potentialAction\":[{\"@type\":\"SearchAction\",\"target\":{\"@type\":\"EntryPoint\",\"urlTemplate\":\"https:\/\/www.poderecentodieci.it\/de\/?s={search_term_string}\"},\"query-input\":\"required name=search_term_string\"}],\"inLanguage\":\"de\"},{\"@type\":\"Organization\",\"@id\":\"https:\/\/www.poderecentodieci.it\/de\/#organization\",\"name\":\"Podere 110\",\"url\":\"https:\/\/www.poderecentodieci.it\/de\/\",\"logo\":{\"@type\":\"ImageObject\",\"inLanguage\":\"de\",\"@id\":\"https:\/\/www.poderecentodieci.it\/de\/#\/schema\/logo\/image\/\",\"url\":\"https:\/\/www.poderecentodieci.it\/wp-content\/uploads\/2018\/10\/p110-appletouch-icon.png\",\"contentUrl\":\"https:\/\/www.poderecentodieci.it\/wp-content\/uploads\/2018\/10\/p110-appletouch-icon.png\",\"width\":180,\"height\":180,\"caption\":\"Podere 110\"},\"image\":{\"@id\":\"https:\/\/www.poderecentodieci.it\/de\/#\/schema\/logo\/image\/\"}}]}<\/script>\n<!-- \/ Yoast SEO plugin. -->","yoast_head_json":{"title":"Ofant\u00e8 - bag in box 3l - Podere 110","robots":{"index":"index","follow":"follow","max-snippet":"max-snippet:-1","max-image-preview":"max-image-preview:large","max-video-preview":"max-video-preview:-1"},"canonical":"https:\/\/www.poderecentodieci.it\/de\/prodotto\/ofante-bag-in-box-3l\/","og_locale":"de_DE","og_type":"article","og_title":"Ofant\u00e8 - bag in box 3l - Podere 110","og_description":"Monovarietaler Leccino  Von Ofanto, der s\u00fcdlichen Grenze von Daunia. OFANTO \u2013 Dies ist der wichtigste Wasserlauf in Apulien. Nach L\u00e4nge und Kapazit\u00e4t. Ofanto war Schauplatz von Schlachten, die f\u00fcr die R\u00f6mer stets schwierig waren. Der Legende nach rief der Konsul Varone angesichts der menschlichen Verluste direkt im Flussbecken aus: \u201eO meine verlorenen Infanteristen ...\u201c. Von hier leitet sich wiederum nach der legend\u00e4ren Rekonstruktion der Name Ofanto ab.","og_url":"https:\/\/www.poderecentodieci.it\/de\/prodotto\/ofante-bag-in-box-3l\/","og_site_name":"Podere 110","article_modified_time":"2024-07-09T02:31:53+00:00","og_image":[{"width":2000,"height":2000,"url":"https:\/\/www.poderecentodieci.it\/wp-content\/uploads\/2024\/01\/podere110-ofante-3L.jpg","type":"image\/jpeg"}],"twitter_card":"summary_large_image","twitter_misc":{"Gesch\u00e4tzte Lesezeit":"1\u00a0Minute"},"schema":{"@context":"https:\/\/schema.org","@graph":[{"@type":"WebPage","@id":"https:\/\/www.poderecentodieci.it\/de\/prodotto\/ofante-bag-in-box-3l\/","url":"https:\/\/www.poderecentodieci.it\/de\/prodotto\/ofante-bag-in-box-3l\/","name":"Ofant\u00e8 - bag in box 3l - Podere 110","isPartOf":{"@id":"https:\/\/www.poderecentodieci.it\/de\/#website"},"datePublished":"2024-01-22T15:16:28+00:00","dateModified":"2024-07-09T02:31:53+00:00","breadcrumb":{"@id":"https:\/\/www.poderecentodieci.it\/de\/prodotto\/ofante-bag-in-box-3l\/#breadcrumb"},"inLanguage":"de","potentialAction":[{"@type":"ReadAction","target":["https:\/\/www.poderecentodieci.it\/de\/prodotto\/ofante-bag-in-box-3l\/"]}]},{"@type":"BreadcrumbList","@id":"https:\/\/www.poderecentodieci.it\/de\/prodotto\/ofante-bag-in-box-3l\/#breadcrumb","itemListElement":[{"@type":"ListItem","position":1,"name":"Home","item":"https:\/\/www.poderecentodieci.it\/de\/"},{"@type":"ListItem","position":2,"name":"Shop","item":"https:\/\/www.poderecentodieci.it\/de\/shop\/"},{"@type":"ListItem","position":3,"name":"Ofant\u00e8 &#8211; bag in box 3l"}]},{"@type":"WebSite","@id":"https:\/\/www.poderecentodieci.it\/de\/#website","url":"https:\/\/www.poderecentodieci.it\/de\/","name":"Podere 110","description":"Olio Extra Vergine di Oliva","publisher":{"@id":"https:\/\/www.poderecentodieci.it\/de\/#organization"},"potentialAction":[{"@type":"SearchAction","target":{"@type":"EntryPoint","urlTemplate":"https:\/\/www.poderecentodieci.it\/de\/?s={search_term_string}"},"query-input":"required name=search_term_string"}],"inLanguage":"de"},{"@type":"Organization","@id":"https:\/\/www.poderecentodieci.it\/de\/#organization","name":"Podere 110","url":"https:\/\/www.poderecentodieci.it\/de\/","logo":{"@type":"ImageObject","inLanguage":"de","@id":"https:\/\/www.poderecentodieci.it\/de\/#\/schema\/logo\/image\/","url":"https:\/\/www.poderecentodieci.it\/wp-content\/uploads\/2018\/10\/p110-appletouch-icon.png","contentUrl":"https:\/\/www.poderecentodieci.it\/wp-content\/uploads\/2018\/10\/p110-appletouch-icon.png","width":180,"height":180,"caption":"Podere 110"},"image":{"@id":"https:\/\/www.poderecentodieci.it\/de\/#\/schema\/logo\/image\/"}}]}},"_links":{"self":[{"href":"https:\/\/www.poderecentodieci.it\/de\/wp-json\/wp\/v2\/product\/1305"}],"collection":[{"href":"https:\/\/www.poderecentodieci.it\/de\/wp-json\/wp\/v2\/product"}],"about":[{"href":"https:\/\/www.poderecentodieci.it\/de\/wp-json\/wp\/v2\/types\/product"}],"replies":[{"embeddable":true,"href":"https:\/\/www.poderecentodieci.it\/de\/wp-json\/wp\/v2\/comments?post=1305"}],"wp:featuredmedia":[{"embeddable":true,"href":"https:\/\/www.poderecentodieci.it\/de\/wp-json\/wp\/v2\/media\/1297"}],"wp:attachment":[{"href":"https:\/\/www.poderecentodieci.it\/de\/wp-json\/wp\/v2\/media?parent=1305"}],"wp:term":[{"taxonomy":"product_cat","embeddable":true,"href":"https:\/\/www.poderecentodieci.it\/de\/wp-json\/wp\/v2\/product_cat?post=1305"},{"taxonomy":"product_tag","embeddable":true,"href":"https:\/\/www.poderecentodieci.it\/de\/wp-json\/wp\/v2\/product_tag?post=1305"}],"curies":[{"name":"wp","href":"https:\/\/api.w.org\/{rel}","templated":true}]}}