{"id":1292,"date":"2024-01-22T15:54:21","date_gmt":"2024-01-22T14:54:21","guid":{"rendered":"https:\/\/www.poderecentodieci.it\/prodotto\/fortere-bag-in-box-3l\/"},"modified":"2024-01-24T10:59:18","modified_gmt":"2024-01-24T09:59:18","slug":"fortere-bag-in-box-3l","status":"publish","type":"product","link":"https:\/\/www.poderecentodieci.it\/de\/prodotto\/fortere-bag-in-box-3l\/","title":{"rendered":"Forter\u00e8 \u2013 bag in box 3l"},"content":{"rendered":"<p><strong>Sorte: <\/strong>Coratina<\/p>\n<p><strong>Erntemethode: <\/strong>Direkt von der Pflanze<\/p>\n<p><strong>Zerkleinerungsmethode: <\/strong> Metallbrecher<\/p>\n<p><strong>Zeit zwischen Ernte und Pressung: <\/strong>weniger als 12 Stunden<\/p>\n<p><strong>Extraktionsmethode: <\/strong> Kontinuierlicher Zyklus \u2013 maximale Temperatur 27 \u00b0C<\/p>\n<p><strong>Farbe: <\/strong> Von gr\u00fcn bis goldgelb<\/p>\n<p><strong>Geruch: <\/strong>intensiv, kr\u00e4uterig, deutlich fruchtig nach Olive<\/p>\n<p><strong>Ideale Verwendung:<\/strong> Pasta und Suppen mit kr\u00e4ftigen Aromen, gegrilltes oder gebratenes Fleisch,<br \/>\nH\u00fclsenfr\u00fcchte und gekochtes Gem\u00fcse<\/p>\n<p><strong>Verpackung: <\/strong> 0,25 &#8211; 0,50 und 5 L mattschwarze Glasflaschen<\/p>\n","protected":false},"excerpt":{"rendered":"<div class=\"column mcb-column mcb-item-412cf2a48 one column_column column-margin-0px\">\n<div class=\"column_attr clearfix\">\n<p><strong>Sortenreine Coratina-Sorte mit intensivem Geschmack<\/strong><\/p>\n<p>Es kommt von Fortore.<br \/>\nDer Fluss, der die n\u00f6rdliche Grenze von Daunia darstellt.<br \/>\nJenseits des Fortore, dem Fluss der \u201eFestung\u201c, wie die Alten es nannten, liegt Molise. Es wird Ihnen nicht entgangen sein, dass \u201eOfante\u201c und \u201eForter\u00e9\u201c \u201eKnave\u201c und \u201eRe\u201c enthalten.<br \/>\nEin weiteres lexikalisches Hilfsmittel, das das Benennungsspiel erleichtert und die beiden Zeilen zu einer Erweiterung der anderen macht.<\/p>\n<\/div>\n<\/div>\n<div class=\"column mcb-column mcb-item-28ec359cb one column_image\">\n<div class=\"image_frame image_item no_link scale-with-grid alignleft no_border\">\n<div class=\"image_wrapper\"><img decoding=\"async\" loading=\"lazy\" class=\"scale-with-grid\" title=\"\" src=\"https:\/\/www.poderecentodieci.it\/wp-content\/uploads\/2020\/03\/Biol-2019-extragold-leon-1.jpg\" alt=\"Biol-2019-extragold-leon\" width=\"382\" height=\"170\" \/><\/div>\n<\/div>\n<\/div>\n<p>&nbsp;<\/p>\n","protected":false},"featured_media":1284,"comment_status":"open","ping_status":"closed","template":"","meta":{"_joinchat":[]},"product_cat":[41],"product_tag":[],"yoast_head":"<!-- This site is optimized with the Yoast SEO plugin v19.10 - https:\/\/yoast.com\/wordpress\/plugins\/seo\/ -->\n<title>Forter\u00e8 \u2013 bag in box 3l - Podere 110<\/title>\n<meta name=\"robots\" content=\"index, follow, max-snippet:-1, max-image-preview:large, max-video-preview:-1\" \/>\n<link rel=\"canonical\" href=\"https:\/\/www.poderecentodieci.it\/de\/prodotto\/fortere-bag-in-box-3l\/\" \/>\n<meta property=\"og:locale\" content=\"de_DE\" \/>\n<meta property=\"og:type\" content=\"article\" \/>\n<meta property=\"og:title\" content=\"Forter\u00e8 \u2013 bag in box 3l - Podere 110\" \/>\n<meta property=\"og:description\" content=\"Sortenreine Coratina-Sorte mit intensivem Geschmack  Es kommt von Fortore. Der Fluss, der die n\u00f6rdliche Grenze von Daunia darstellt. Jenseits des Fortore, dem Fluss der \u201eFestung\u201c, wie die Alten es nannten, liegt Molise. Es wird Ihnen nicht entgangen sein, dass \u201eOfante\u201c und \u201eForter\u00e9\u201c \u201eKnave\u201c und \u201eRe\u201c enthalten. Ein weiteres lexikalisches Hilfsmittel, das das Benennungsspiel erleichtert und die beiden Zeilen zu einer Erweiterung der anderen macht.         &nbsp;\" \/>\n<meta property=\"og:url\" content=\"https:\/\/www.poderecentodieci.it\/de\/prodotto\/fortere-bag-in-box-3l\/\" \/>\n<meta property=\"og:site_name\" content=\"Podere 110\" \/>\n<meta property=\"article:modified_time\" content=\"2024-01-24T09:59:18+00:00\" \/>\n<meta property=\"og:image\" content=\"https:\/\/www.poderecentodieci.it\/wp-content\/uploads\/2024\/01\/podere110-fortere-3L.jpg\" \/>\n\t<meta property=\"og:image:width\" content=\"2000\" \/>\n\t<meta property=\"og:image:height\" content=\"2000\" \/>\n\t<meta property=\"og:image:type\" content=\"image\/jpeg\" \/>\n<meta name=\"twitter:card\" content=\"summary_large_image\" \/>\n<meta name=\"twitter:label1\" content=\"Gesch\u00e4tzte Lesezeit\" \/>\n\t<meta name=\"twitter:data1\" content=\"1\u00a0Minute\" \/>\n<script type=\"application\/ld+json\" class=\"yoast-schema-graph\">{\"@context\":\"https:\/\/schema.org\",\"@graph\":[{\"@type\":\"WebPage\",\"@id\":\"https:\/\/www.poderecentodieci.it\/de\/prodotto\/fortere-bag-in-box-3l\/\",\"url\":\"https:\/\/www.poderecentodieci.it\/de\/prodotto\/fortere-bag-in-box-3l\/\",\"name\":\"Forter\u00e8 \u2013 bag in box 3l - Podere 110\",\"isPartOf\":{\"@id\":\"https:\/\/www.poderecentodieci.it\/de\/#website\"},\"datePublished\":\"2024-01-22T14:54:21+00:00\",\"dateModified\":\"2024-01-24T09:59:18+00:00\",\"breadcrumb\":{\"@id\":\"https:\/\/www.poderecentodieci.it\/de\/prodotto\/fortere-bag-in-box-3l\/#breadcrumb\"},\"inLanguage\":\"de\",\"potentialAction\":[{\"@type\":\"ReadAction\",\"target\":[\"https:\/\/www.poderecentodieci.it\/de\/prodotto\/fortere-bag-in-box-3l\/\"]}]},{\"@type\":\"BreadcrumbList\",\"@id\":\"https:\/\/www.poderecentodieci.it\/de\/prodotto\/fortere-bag-in-box-3l\/#breadcrumb\",\"itemListElement\":[{\"@type\":\"ListItem\",\"position\":1,\"name\":\"Home\",\"item\":\"https:\/\/www.poderecentodieci.it\/de\/\"},{\"@type\":\"ListItem\",\"position\":2,\"name\":\"Shop\",\"item\":\"https:\/\/www.poderecentodieci.it\/de\/shop\/\"},{\"@type\":\"ListItem\",\"position\":3,\"name\":\"Forter\u00e8 \u2013 bag in box 3l\"}]},{\"@type\":\"WebSite\",\"@id\":\"https:\/\/www.poderecentodieci.it\/de\/#website\",\"url\":\"https:\/\/www.poderecentodieci.it\/de\/\",\"name\":\"Podere 110\",\"description\":\"Olio Extra Vergine di Oliva\",\"publisher\":{\"@id\":\"https:\/\/www.poderecentodieci.it\/de\/#organization\"},\"potentialAction\":[{\"@type\":\"SearchAction\",\"target\":{\"@type\":\"EntryPoint\",\"urlTemplate\":\"https:\/\/www.poderecentodieci.it\/de\/?s={search_term_string}\"},\"query-input\":\"required name=search_term_string\"}],\"inLanguage\":\"de\"},{\"@type\":\"Organization\",\"@id\":\"https:\/\/www.poderecentodieci.it\/de\/#organization\",\"name\":\"Podere 110\",\"url\":\"https:\/\/www.poderecentodieci.it\/de\/\",\"logo\":{\"@type\":\"ImageObject\",\"inLanguage\":\"de\",\"@id\":\"https:\/\/www.poderecentodieci.it\/de\/#\/schema\/logo\/image\/\",\"url\":\"https:\/\/www.poderecentodieci.it\/wp-content\/uploads\/2018\/10\/p110-appletouch-icon.png\",\"contentUrl\":\"https:\/\/www.poderecentodieci.it\/wp-content\/uploads\/2018\/10\/p110-appletouch-icon.png\",\"width\":180,\"height\":180,\"caption\":\"Podere 110\"},\"image\":{\"@id\":\"https:\/\/www.poderecentodieci.it\/de\/#\/schema\/logo\/image\/\"}}]}<\/script>\n<!-- \/ Yoast SEO plugin. -->","yoast_head_json":{"title":"Forter\u00e8 \u2013 bag in box 3l - Podere 110","robots":{"index":"index","follow":"follow","max-snippet":"max-snippet:-1","max-image-preview":"max-image-preview:large","max-video-preview":"max-video-preview:-1"},"canonical":"https:\/\/www.poderecentodieci.it\/de\/prodotto\/fortere-bag-in-box-3l\/","og_locale":"de_DE","og_type":"article","og_title":"Forter\u00e8 \u2013 bag in box 3l - Podere 110","og_description":"Sortenreine Coratina-Sorte mit intensivem Geschmack  Es kommt von Fortore. Der Fluss, der die n\u00f6rdliche Grenze von Daunia darstellt. Jenseits des Fortore, dem Fluss der \u201eFestung\u201c, wie die Alten es nannten, liegt Molise. Es wird Ihnen nicht entgangen sein, dass \u201eOfante\u201c und \u201eForter\u00e9\u201c \u201eKnave\u201c und \u201eRe\u201c enthalten. Ein weiteres lexikalisches Hilfsmittel, das das Benennungsspiel erleichtert und die beiden Zeilen zu einer Erweiterung der anderen macht.         &nbsp;","og_url":"https:\/\/www.poderecentodieci.it\/de\/prodotto\/fortere-bag-in-box-3l\/","og_site_name":"Podere 110","article_modified_time":"2024-01-24T09:59:18+00:00","og_image":[{"width":2000,"height":2000,"url":"https:\/\/www.poderecentodieci.it\/wp-content\/uploads\/2024\/01\/podere110-fortere-3L.jpg","type":"image\/jpeg"}],"twitter_card":"summary_large_image","twitter_misc":{"Gesch\u00e4tzte Lesezeit":"1\u00a0Minute"},"schema":{"@context":"https:\/\/schema.org","@graph":[{"@type":"WebPage","@id":"https:\/\/www.poderecentodieci.it\/de\/prodotto\/fortere-bag-in-box-3l\/","url":"https:\/\/www.poderecentodieci.it\/de\/prodotto\/fortere-bag-in-box-3l\/","name":"Forter\u00e8 \u2013 bag in box 3l - Podere 110","isPartOf":{"@id":"https:\/\/www.poderecentodieci.it\/de\/#website"},"datePublished":"2024-01-22T14:54:21+00:00","dateModified":"2024-01-24T09:59:18+00:00","breadcrumb":{"@id":"https:\/\/www.poderecentodieci.it\/de\/prodotto\/fortere-bag-in-box-3l\/#breadcrumb"},"inLanguage":"de","potentialAction":[{"@type":"ReadAction","target":["https:\/\/www.poderecentodieci.it\/de\/prodotto\/fortere-bag-in-box-3l\/"]}]},{"@type":"BreadcrumbList","@id":"https:\/\/www.poderecentodieci.it\/de\/prodotto\/fortere-bag-in-box-3l\/#breadcrumb","itemListElement":[{"@type":"ListItem","position":1,"name":"Home","item":"https:\/\/www.poderecentodieci.it\/de\/"},{"@type":"ListItem","position":2,"name":"Shop","item":"https:\/\/www.poderecentodieci.it\/de\/shop\/"},{"@type":"ListItem","position":3,"name":"Forter\u00e8 \u2013 bag in box 3l"}]},{"@type":"WebSite","@id":"https:\/\/www.poderecentodieci.it\/de\/#website","url":"https:\/\/www.poderecentodieci.it\/de\/","name":"Podere 110","description":"Olio Extra Vergine di Oliva","publisher":{"@id":"https:\/\/www.poderecentodieci.it\/de\/#organization"},"potentialAction":[{"@type":"SearchAction","target":{"@type":"EntryPoint","urlTemplate":"https:\/\/www.poderecentodieci.it\/de\/?s={search_term_string}"},"query-input":"required name=search_term_string"}],"inLanguage":"de"},{"@type":"Organization","@id":"https:\/\/www.poderecentodieci.it\/de\/#organization","name":"Podere 110","url":"https:\/\/www.poderecentodieci.it\/de\/","logo":{"@type":"ImageObject","inLanguage":"de","@id":"https:\/\/www.poderecentodieci.it\/de\/#\/schema\/logo\/image\/","url":"https:\/\/www.poderecentodieci.it\/wp-content\/uploads\/2018\/10\/p110-appletouch-icon.png","contentUrl":"https:\/\/www.poderecentodieci.it\/wp-content\/uploads\/2018\/10\/p110-appletouch-icon.png","width":180,"height":180,"caption":"Podere 110"},"image":{"@id":"https:\/\/www.poderecentodieci.it\/de\/#\/schema\/logo\/image\/"}}]}},"_links":{"self":[{"href":"https:\/\/www.poderecentodieci.it\/de\/wp-json\/wp\/v2\/product\/1292"}],"collection":[{"href":"https:\/\/www.poderecentodieci.it\/de\/wp-json\/wp\/v2\/product"}],"about":[{"href":"https:\/\/www.poderecentodieci.it\/de\/wp-json\/wp\/v2\/types\/product"}],"replies":[{"embeddable":true,"href":"https:\/\/www.poderecentodieci.it\/de\/wp-json\/wp\/v2\/comments?post=1292"}],"wp:featuredmedia":[{"embeddable":true,"href":"https:\/\/www.poderecentodieci.it\/de\/wp-json\/wp\/v2\/media\/1284"}],"wp:attachment":[{"href":"https:\/\/www.poderecentodieci.it\/de\/wp-json\/wp\/v2\/media?parent=1292"}],"wp:term":[{"taxonomy":"product_cat","embeddable":true,"href":"https:\/\/www.poderecentodieci.it\/de\/wp-json\/wp\/v2\/product_cat?post=1292"},{"taxonomy":"product_tag","embeddable":true,"href":"https:\/\/www.poderecentodieci.it\/de\/wp-json\/wp\/v2\/product_tag?post=1292"}],"curies":[{"name":"wp","href":"https:\/\/api.w.org\/{rel}","templated":true}]}}